{"id":52,"date":"2012-06-26T11:46:48","date_gmt":"2012-06-26T11:46:48","guid":{"rendered":"http:\/\/schuetzenverein-hofbieber.de\/?page_id=52"},"modified":"2023-06-02T09:27:49","modified_gmt":"2023-06-02T09:27:49","slug":"unser-vereinslokal","status":"publish","type":"page","link":"http:\/\/schuetzenverein-hofbieber.de\/index.php\/unser-vereinslokal\/","title":{"rendered":"Unser Vereinslokal"},"content":{"rendered":"<p align=\"center\"><strong>Unser Vereinslokal<\/strong><\/p>\n<p>&nbsp;Liebe Vereinsmitglieder, liebe G\u00e4ste,<\/p>\n<p>seit \u00fcber 40 Jahren haben wir unsere Schie\u00dfsportanlage im Hotel &#8211; Gasthof Sondergeld im Rh\u00f6ner Luftkurort Hofbieber. Seither pflegen wir ein sehr gutes und positives Verh\u00e4ltnis zu unserer Vereinsgastst\u00e4tte, n\u00e4mlich zu unseren Wirtsleuten Marlies und Guido K\u00e4shammer, die unsere sportlichen Interessen und Ziele optimal unterst\u00fctzen.<\/p>\n<p>Aus diesem Grunde sehen wir uns verpflichtet, ein wenig Werbung f\u00fcr den Hotel &#8211; Gasthof Sondergeld zu machen, in dem man sich als Einheimischer wie als ausw\u00e4rtiger Gast sehr wohl f\u00fchlt.<\/p>\n<p>Wir empfehlen Euch dieses Traditionshaus im Biosph\u00e4renreservat Rh\u00f6n und w\u00fcnschen Euch schon heute unterhaltsame und erholsame Tage in der Rh\u00f6n.<\/p>\n<p>Ihr tut uns einen gro\u00dfen Gefallen, wenn Ihr diese Information an weitere Vereine oder Freunde weitergebt und vor allem bei Euch im Vereinsheim zum Aushang bringt.<\/p>\n<p>\u00dcbrigens: Der Gasthof ist mittlerweile auch eine Adresse f\u00fcr Biker !<\/p>\n<p>Herzlich willkommen!<\/p>\n<p><img decoding=\"async\" src=\"http:\/\/www.sporton.de\/cms\/schuetzenvereinhofbieber\/images\/Logos\/GasthofSondergeld2.jpg\" alt=\"\" border=\"0\"><img decoding=\"async\" src=\"http:\/\/www.sporton.de\/cms\/schuetzenvereinhofbieber\/images\/Logos\/GasthofSondergeld3.jpg\" alt=\"\" border=\"0\"><\/p>\n<p>Zwischen Natur und Kultur&#8230;<br \/>\n&#8230;und atmen k\u00f6nnen Sie bei uns auch&#8230;<br \/>\nIhr Vereins- oder Cluburlaub in zwei verschiedenen Welten<\/p>\n<p>Hotel- Gasthof Sondergeld-K\u00e4shammer<br \/>\nLuftkurort Hofbieber\/Rh\u00f6n<br \/>\n<a title=\"www.hotel-sondergeld.de\" href=\"http:\/\/www.hotel-sondergeld.de\/\" target=\"_blank\" rel=\"noopener\">www.hotel-sondergeld.de<\/a><br \/>\n<a href=\"mailto:info@hotel-sondergeld.de\">info@hotel-sondergeld.de<\/a><br \/>\nTel.: 06657\/376&nbsp; &#8211;&nbsp;&nbsp;Fax:: 06657\/919746<\/p>\n<ul>\n<li>&nbsp;reine Natur im Biosph\u00e4renreservat Rh\u00f6n, einem der beliebtesten Mittelgebirge in&nbsp;&nbsp;&nbsp;&nbsp;&nbsp;&nbsp; Deutschland,<\/li>\n<li>herrliche Blicke, tolle Wanderungen, eine hervorragende Gastronomie,<\/li>\n<li>ein Ort der Ruhe und Erholung,<\/li>\n<li>reine Luft, so richtig zum Durchatmen und &#8230;<\/li>\n<li>die Barockstadt Fulda:<\/li>\n<li>sehenswerte Bauten wie Dom, Stadtschloss und Orangerie,<\/li>\n<li>&nbsp;Deutsches Feuerwehrmuseum<\/li>\n<li>&nbsp;die Kinderakademie mit begehbarem Herzen in Fulda,<\/li>\n<li>Deutsches Segelflugmuseum auf der Wasserkuppe, dem Berg der Flieger,<\/li>\n<li>der Point Alpha, gef\u00e4hrlichster Punkt Deutschlands im Kalten Krieg an der innerdeutschen Grenze und<\/li>\n<li>Freizeitangebote wie G\u00e4steschie\u00dfen, 18-Loch-Golfplatz &#8230;<\/li>\n<li>Gem\u00fctlichkeit in unserem Haus, z.B. im Gew\u00f6lbekeller&#8230; mit einer &#8222;Super &#8211; K\u00fcche&#8220;<\/li>\n<li>Tagesfahrten Rh\u00f6n, Th\u00fcringen (Eisenach) und Franken,<\/li>\n<li>zahlreiche Veranstaltungen der Hofbieberer Vereine<\/li>\n<li>(zu ersehen unter <a title=\"www.hofbieber.de\" href=\"http:\/\/www.hofbieber.de\/\" target=\"_blank\" rel=\"noopener\">www.hofbieber.de<\/a>)<\/li>\n<li>&nbsp;und etwas Extravagantes&nbsp; &#8211;&nbsp;&nbsp;wie unser Barfu\u00df-Erlebnispfad!<br \/>\n&gt;&gt;&gt; zur\u00fcck zur Natur!<\/li>\n<\/ul>\n<p>&nbsp;<\/p>\n<p>&nbsp;Zu jeder Zeit f\u00fchlen Sie sich bei uns geborgen und k\u00f6nnen Sie mit Ihren Kolleginnen und Kollegen oder unter Freunden herrliche Tage in der Rh\u00f6n erleben.<\/p>\n<p>Ideal f\u00fcr Ihren Vereins- oder Betriebsausflug!<\/p>\n<p>Herzlich Willkommen in einem bekannten Familienbetrieb.<\/p>\n<p>Ihre Marlies und Ihr Guido K\u00e4shammer<\/p>\n<p>&nbsp;<\/p>\n<div class=\"shariff\"><ul class=\"shariff-buttons theme-default orientation-horizontal buttonsize-medium\"><li class=\"shariff-button facebook shariff-nocustomcolor\" style=\"background-color:#4273c8\"><a href=\"https:\/\/www.facebook.com\/sharer\/sharer.php?u=http%3A%2F%2Fschuetzenverein-hofbieber.de%2Findex.php%2Funser-vereinslokal%2F\" title=\"Bei Facebook teilen\" aria-label=\"Bei Facebook teilen\" role=\"button\" rel=\"nofollow\" class=\"shariff-link\" style=\"; background-color:#3b5998; color:#fff\" target=\"_blank\"><span class=\"shariff-icon\" style=\"\"><svg width=\"32px\" height=\"20px\" xmlns=\"http:\/\/www.w3.org\/2000\/svg\" viewBox=\"0 0 18 32\"><path fill=\"#3b5998\" d=\"M17.1 0.2v4.7h-2.8q-1.5 0-2.1 0.6t-0.5 1.9v3.4h5.2l-0.7 5.3h-4.5v13.6h-5.5v-13.6h-4.5v-5.3h4.5v-3.9q0-3.3 1.9-5.2t5-1.8q2.6 0 4.1 0.2z\"\/><\/svg><\/span><span class=\"shariff-text\">teilen<\/span>&nbsp;<\/a><\/li><\/ul><\/div>","protected":false},"excerpt":{"rendered":"<p>Unser Vereinslokal &nbsp;Liebe Vereinsmitglieder, liebe G\u00e4ste, seit \u00fcber 40 Jahren haben wir unsere Schie\u00dfsportanlage im Hotel &#8211; Gasthof Sondergeld im Rh\u00f6ner Luftkurort Hofbieber. Seither pflegen wir ein sehr gutes und positives Verh\u00e4ltnis zu unserer Vereinsgastst\u00e4tte, n\u00e4mlich zu unseren Wirtsleuten Marlies &hellip; <a href=\"http:\/\/schuetzenverein-hofbieber.de\/index.php\/unser-vereinslokal\/\">Continue reading <span class=\"meta-nav\">&rarr;<\/span><\/a><\/p>\n","protected":false},"author":1,"featured_media":0,"parent":0,"menu_order":0,"comment_status":"closed","ping_status":"closed","template":"","meta":{"ngg_post_thumbnail":0,"footnotes":""},"class_list":["post-52","page","type-page","status-publish","hentry"],"_links":{"self":[{"href":"http:\/\/schuetzenverein-hofbieber.de\/index.php\/wp-json\/wp\/v2\/pages\/52","targetHints":{"allow":["GET"]}}],"collection":[{"href":"http:\/\/schuetzenverein-hofbieber.de\/index.php\/wp-json\/wp\/v2\/pages"}],"about":[{"href":"http:\/\/schuetzenverein-hofbieber.de\/index.php\/wp-json\/wp\/v2\/types\/page"}],"author":[{"embeddable":true,"href":"http:\/\/schuetzenverein-hofbieber.de\/index.php\/wp-json\/wp\/v2\/users\/1"}],"replies":[{"embeddable":true,"href":"http:\/\/schuetzenverein-hofbieber.de\/index.php\/wp-json\/wp\/v2\/comments?post=52"}],"version-history":[{"count":0,"href":"http:\/\/schuetzenverein-hofbieber.de\/index.php\/wp-json\/wp\/v2\/pages\/52\/revisions"}],"wp:attachment":[{"href":"http:\/\/schuetzenverein-hofbieber.de\/index.php\/wp-json\/wp\/v2\/media?parent=52"}],"curies":[{"name":"wp","href":"https:\/\/api.w.org\/{rel}","templated":true}]}}