{"id":258,"date":"2012-07-06T19:02:07","date_gmt":"2012-07-06T19:02:07","guid":{"rendered":"http:\/\/schuetzenverein-hofbieber.de\/?page_id=258"},"modified":"2025-04-16T07:34:52","modified_gmt":"2025-04-16T07:34:52","slug":"willkommen","status":"publish","type":"page","link":"http:\/\/schuetzenverein-hofbieber.de\/","title":{"rendered":"Willkommen auf der Homepage des &#8222;Sch\u00fctzenverein Hofbieber 1968 e.V.&#8220;"},"content":{"rendered":"\n<a title=\"Finde uns auf Facebook\" href=\"https:\/\/www.facebook.com\/Schuetzenverein-Hofbieber-148517912633561\/\" target=\"_blank\" rel=\"noopener noreferrer\"><img decoding=\"async\" alt=\"Finde uns auf Facebook\" src=\"https:\/\/c866088.ssl.cf3.rackcdn.com\/assets\/facebook40x40.png\" border=\"0\"> Finde uns auf Facebook<\/a>\n\n\n\n<h2 class=\"wp-block-heading has-text-align-center\">Weitere Informationen u.a.:<\/h2>\n\n\n\n<p class=\"has-text-align-center\">Aktuelles findet&nbsp;Ihr auf unserer Facebook-Seite (Klick siehe links- auch ohne Anmeldung m\u00f6glich!)<\/p>\n\n\n\n<figure class=\"wp-block-gallery has-nested-images columns-default is-cropped wp-block-gallery-1 is-layout-flex wp-block-gallery-is-layout-flex\">\n<figure class=\"wp-block-image size-large is-style-rounded\"><a href=\"http:\/\/schuetzenverein-hofbieber.de\/wp-content\/uploads\/2023\/06\/Auswahl-Familie-scaled.jpeg\"><img loading=\"lazy\" decoding=\"async\" width=\"1024\" height=\"683\" data-id=\"973\" src=\"http:\/\/schuetzenverein-hofbieber.de\/wp-content\/uploads\/2023\/06\/Auswahl-Familie-1024x683.jpeg\" alt=\"\" class=\"wp-image-973\" srcset=\"http:\/\/schuetzenverein-hofbieber.de\/wp-content\/uploads\/2023\/06\/Auswahl-Familie-1024x683.jpeg 1024w, http:\/\/schuetzenverein-hofbieber.de\/wp-content\/uploads\/2023\/06\/Auswahl-Familie-300x200.jpeg 300w, http:\/\/schuetzenverein-hofbieber.de\/wp-content\/uploads\/2023\/06\/Auswahl-Familie-768x512.jpeg 768w, http:\/\/schuetzenverein-hofbieber.de\/wp-content\/uploads\/2023\/06\/Auswahl-Familie-1536x1024.jpeg 1536w, http:\/\/schuetzenverein-hofbieber.de\/wp-content\/uploads\/2023\/06\/Auswahl-Familie-2048x1365.jpeg 2048w\" sizes=\"auto, (max-width: 1024px) 100vw, 1024px\" \/><\/a><\/figure>\n<figcaption class=\"blocks-gallery-caption wp-element-caption\">Preisschie\u00dfen (Volksschie\u00dfen) am 15.06.2025 ab 14:00 Uhr auf dem Gasthof (Sondergeld) <\/figcaption><\/figure>\n\n\n\n<p class=\"has-text-align-center\">hinten von links: Sebastian Brehler (1. Ritter), Mario Brehler (Sch\u00fctzenk\u00f6nig), Christine B\u00f6se (2. Ritterin),<\/p>\n\n\n\n<p class=\"has-text-align-center\">vorne von links: S. Kollmann (1. Jugendritterin), E. Plappert (Jugendk\u00f6nig), Julian Eckstein (2. Jugendritter)<\/p>\n\n\n<p>Aktuelle Infos auf der Seite des Sch\u00fctzenverein Hofbieber bei www.facebook.de : Bitte auf den Link &#8222;klicken&#8220;<\/p>\n\n\n<p><\/p>\n<div class=\"shariff\"><ul class=\"shariff-buttons theme-default orientation-horizontal buttonsize-medium\"><li class=\"shariff-button facebook shariff-nocustomcolor\" style=\"background-color:#4273c8\"><a href=\"https:\/\/www.facebook.com\/sharer\/sharer.php?u=http%3A%2F%2Fschuetzenverein-hofbieber.de%2F\" title=\"Bei Facebook teilen\" aria-label=\"Bei Facebook teilen\" role=\"button\" rel=\"nofollow\" class=\"shariff-link\" style=\"; background-color:#3b5998; color:#fff\" target=\"_blank\"><span class=\"shariff-icon\" style=\"\"><svg width=\"32px\" height=\"20px\" xmlns=\"http:\/\/www.w3.org\/2000\/svg\" viewBox=\"0 0 18 32\"><path fill=\"#3b5998\" d=\"M17.1 0.2v4.7h-2.8q-1.5 0-2.1 0.6t-0.5 1.9v3.4h5.2l-0.7 5.3h-4.5v13.6h-5.5v-13.6h-4.5v-5.3h4.5v-3.9q0-3.3 1.9-5.2t5-1.8q2.6 0 4.1 0.2z\"\/><\/svg><\/span><span class=\"shariff-text\">teilen<\/span>&nbsp;<\/a><\/li><\/ul><\/div>","protected":false},"excerpt":{"rendered":"<p>Finde uns auf Facebook Weitere Informationen u.a.: Aktuelles findet&nbsp;Ihr auf unserer Facebook-Seite (Klick siehe links- auch ohne Anmeldung m\u00f6glich!) hinten von links: Sebastian Brehler (1. Ritter), Mario Brehler (Sch\u00fctzenk\u00f6nig), Christine B\u00f6se (2. Ritterin), vorne von links: S. Kollmann (1. Jugendritterin), &hellip; <a href=\"http:\/\/schuetzenverein-hofbieber.de\/\">Continue reading <span class=\"meta-nav\">&rarr;<\/span><\/a><\/p>\n","protected":false},"author":1,"featured_media":0,"parent":0,"menu_order":0,"comment_status":"closed","ping_status":"closed","template":"","meta":{"ngg_post_thumbnail":0,"footnotes":""},"class_list":["post-258","page","type-page","status-publish","hentry"],"_links":{"self":[{"href":"http:\/\/schuetzenverein-hofbieber.de\/index.php\/wp-json\/wp\/v2\/pages\/258","targetHints":{"allow":["GET"]}}],"collection":[{"href":"http:\/\/schuetzenverein-hofbieber.de\/index.php\/wp-json\/wp\/v2\/pages"}],"about":[{"href":"http:\/\/schuetzenverein-hofbieber.de\/index.php\/wp-json\/wp\/v2\/types\/page"}],"author":[{"embeddable":true,"href":"http:\/\/schuetzenverein-hofbieber.de\/index.php\/wp-json\/wp\/v2\/users\/1"}],"replies":[{"embeddable":true,"href":"http:\/\/schuetzenverein-hofbieber.de\/index.php\/wp-json\/wp\/v2\/comments?post=258"}],"version-history":[{"count":0,"href":"http:\/\/schuetzenverein-hofbieber.de\/index.php\/wp-json\/wp\/v2\/pages\/258\/revisions"}],"wp:attachment":[{"href":"http:\/\/schuetzenverein-hofbieber.de\/index.php\/wp-json\/wp\/v2\/media?parent=258"}],"curies":[{"name":"wp","href":"https:\/\/api.w.org\/{rel}","templated":true}]}}